{"id":1240,"date":"2025-08-28T11:47:43","date_gmt":"2025-08-28T09:47:43","guid":{"rendered":"https:\/\/malostranskaresidence.com\/?page_id=1240"},"modified":"2025-08-28T12:21:06","modified_gmt":"2025-08-28T10:21:06","slug":"rezervace-2","status":"publish","type":"page","link":"https:\/\/malostranskaresidence.com\/de\/rezervace-2\/","title":{"rendered":"Buchung"},"content":{"rendered":"<div data-elementor-type=\"wp-page\" data-elementor-id=\"1240\" class=\"elementor elementor-1240\" data-elementor-settings=\"[]\">\n\t\t\t\t\t\t<div class=\"elementor-inner\">\n\t\t\t\t\t\t\t<div class=\"elementor-section-wrap\">\n\t\t\t\t\t\t\t<section class=\"elementor-section elementor-top-section elementor-element elementor-element-bb54832 elementor-section-boxed elementor-section-height-default elementor-section-height-default\" data-id=\"bb54832\" data-element_type=\"section\">\n\t\t\t\t\t\t<div class=\"elementor-container elementor-column-gap-default\">\n\t\t\t\t\t\t\t<div class=\"elementor-row\">\n\t\t\t\t\t<div class=\"elementor-column elementor-col-100 elementor-top-column elementor-element elementor-element-75287be\" data-id=\"75287be\" data-element_type=\"column\">\n\t\t\t<div class=\"elementor-column-wrap elementor-element-populated\">\n\t\t\t\t\t\t\t<div class=\"elementor-widget-wrap\">\n\t\t\t\t\t\t<div class=\"elementor-element elementor-element-9c0cff9 elementor-widget elementor-widget-shortcode\" data-id=\"9c0cff9\" data-element_type=\"widget\" data-widget_type=\"shortcode.default\">\n\t\t\t\t<div class=\"elementor-widget-container\">\n\t\t\t\t\t<div class=\"elementor-shortcode\"><div id=\"mevris-booking-engine\"\r\n     data-id=\"33e7f5432ec092ae557a08e4dc71712e\"\r\n     data-lang=\"cs\"><\/div>\r\n<script src=\"https:\/\/ibe.better-hotel.com\/app\/iframe\/iframe.js\" type=\"text\/javascript\"><\/script>\r\n\r\n<script>\r\n\/\/ Po vlo\u017een\u00ed widgetu IBE vynut\u00edme &lang=XY i p\u0159\u00edmo v URL iframu\r\n(function() {\r\n  var container = document.getElementById('mevris-booking-engine');\r\n  if (!container) return;\r\n\r\n  var desiredLang = container.getAttribute('data-lang') || 'cs';\r\n\r\n  function forceLangOnIframe(iframe) {\r\n    if (!iframe || !iframe.src) return;\r\n    try {\r\n      var url = new URL(iframe.src);\r\n      \/\/ nastav &lang=desiredLang (p\u0159ep\u00ed\u0161e existuj\u00edc\u00ed)\r\n      url.searchParams.set('lang', desiredLang);\r\n      \/\/ aktualizuj src jen kdy\u017e je jin\u00fd (a\u0165 ned\u011bl\u00e1me nekone\u010dn\u00e9 reloady)\r\n      if (iframe.src !== url.toString()) {\r\n        iframe.src = url.toString();\r\n      }\r\n    } catch(e) { \/* ignore *\/ }\r\n  }\r\n\r\n  \/\/ Kdy\u017e iframe u\u017e existuje\r\n  var ifr = container.querySelector('iframe');\r\n  if (ifr) forceLangOnIframe(ifr);\r\n\r\n  \/\/ Sleduj, a\u017e ho skript vytvo\u0159\u00ed \/ p\u0159ep\u00ed\u0161e\r\n  var mo = new MutationObserver(function(mutations) {\r\n    mutations.forEach(function(m) {\r\n      \/\/ kdykoli se p\u0159id\u00e1\/zm\u011bn\u00ed iframe uvnit\u0159 kontejneru\r\n      var iframe = container.querySelector('iframe');\r\n      if (iframe) forceLangOnIframe(iframe);\r\n    });\r\n  });\r\n  mo.observe(container, { childList: true, subtree: true, attributes: true, attributeFilter: ['src'] });\r\n})();\r\n<\/script>\r\n<\/div>\n\t\t\t\t<\/div>\n\t\t\t\t<\/div>\n\t\t\t\t\t\t<\/div>\n\t\t\t\t\t<\/div>\n\t\t<\/div>\n\t\t\t\t\t\t\t\t<\/div>\n\t\t\t\t\t<\/div>\n\t\t<\/section>\n\t\t\t\t\t\t<\/div>\n\t\t\t\t\t\t<\/div>\n\t\t\t\t\t<\/div>","protected":false},"excerpt":{"rendered":"","protected":false},"author":1,"featured_media":0,"parent":0,"menu_order":7,"comment_status":"closed","ping_status":"closed","template":"","meta":{"footnotes":""},"aioseo_notices":[],"_links":{"self":[{"href":"https:\/\/malostranskaresidence.com\/de\/wp-json\/wp\/v2\/pages\/1240"}],"collection":[{"href":"https:\/\/malostranskaresidence.com\/de\/wp-json\/wp\/v2\/pages"}],"about":[{"href":"https:\/\/malostranskaresidence.com\/de\/wp-json\/wp\/v2\/types\/page"}],"author":[{"embeddable":true,"href":"https:\/\/malostranskaresidence.com\/de\/wp-json\/wp\/v2\/users\/1"}],"replies":[{"embeddable":true,"href":"https:\/\/malostranskaresidence.com\/de\/wp-json\/wp\/v2\/comments?post=1240"}],"version-history":[{"count":30,"href":"https:\/\/malostranskaresidence.com\/de\/wp-json\/wp\/v2\/pages\/1240\/revisions"}],"predecessor-version":[{"id":1272,"href":"https:\/\/malostranskaresidence.com\/de\/wp-json\/wp\/v2\/pages\/1240\/revisions\/1272"}],"wp:attachment":[{"href":"https:\/\/malostranskaresidence.com\/de\/wp-json\/wp\/v2\/media?parent=1240"}],"curies":[{"name":"wp","href":"https:\/\/api.w.org\/{rel}","templated":true}]}}