{"id":209,"date":"2020-07-08T16:47:17","date_gmt":"2020-07-08T14:47:17","guid":{"rendered":"https:\/\/showcase6.sites.better-hotel.com\/?page_id=209"},"modified":"2023-11-23T11:17:29","modified_gmt":"2023-11-23T10:17:29","slug":"restaurace-2","status":"publish","type":"page","link":"https:\/\/malostranskaresidence.com\/de\/restaurace-2\/","title":{"rendered":"Restaurace"},"content":{"rendered":"<div data-elementor-type=\"wp-page\" data-elementor-id=\"209\" class=\"elementor elementor-209\" data-elementor-settings=\"[]\">\n\t\t\t\t\t\t<div class=\"elementor-inner\">\n\t\t\t\t\t\t\t<div class=\"elementor-section-wrap\">\n\t\t\t\t\t\t\t<section class=\"elementor-section elementor-top-section elementor-element elementor-element-cc513ce elementor-section-height-min-height elementor-section-boxed elementor-section-height-default elementor-section-items-middle\" data-id=\"cc513ce\" data-element_type=\"section\" data-settings=\"{&quot;background_background&quot;:&quot;classic&quot;}\">\n\t\t\t\t\t\t\t<div class=\"elementor-background-overlay\"><\/div>\n\t\t\t\t\t\t\t<div class=\"elementor-container elementor-column-gap-default\">\n\t\t\t\t\t\t\t<div class=\"elementor-row\">\n\t\t\t\t\t<div class=\"elementor-column elementor-col-100 elementor-top-column elementor-element elementor-element-906df98\" data-id=\"906df98\" data-element_type=\"column\">\n\t\t\t<div class=\"elementor-column-wrap elementor-element-populated\">\n\t\t\t\t\t\t\t<div class=\"elementor-widget-wrap\">\n\t\t\t\t\t\t<div class=\"elementor-element elementor-element-17084b0 elementor-widget elementor-widget-heading\" data-id=\"17084b0\" data-element_type=\"widget\" data-widget_type=\"heading.default\">\n\t\t\t\t<div class=\"elementor-widget-container\">\n\t\t\t<h1 class=\"elementor-heading-title elementor-size-default\">Pers\u00f6nlicher Ansatz<\/h1>\t\t<\/div>\n\t\t\t\t<\/div>\n\t\t\t\t<div class=\"elementor-element elementor-element-1ee2352 elementor-widget-divider--view-line elementor-widget elementor-widget-divider\" data-id=\"1ee2352\" data-element_type=\"widget\" data-widget_type=\"divider.default\">\n\t\t\t\t<div class=\"elementor-widget-container\">\n\t\t\t\t\t<div class=\"elementor-divider\">\n\t\t\t<span class=\"elementor-divider-separator\">\n\t\t\t\t\t\t<\/span>\n\t\t<\/div>\n\t\t\t\t<\/div>\n\t\t\t\t<\/div>\n\t\t\t\t<div class=\"elementor-element elementor-element-10fc1a3 elementor-widget elementor-widget-text-editor\" data-id=\"10fc1a3\" data-element_type=\"widget\" data-widget_type=\"text-editor.default\">\n\t\t\t\t<div class=\"elementor-widget-container\">\n\t\t\t\t\t<div class=\"elementor-text-editor elementor-clearfix\"><p>Wir sind stolz auf unseren pers\u00f6nlichen Ansatz f\u00fcr unsere G\u00e4ste. Von dem Moment an, in dem Sie unsere Residenz betreten, bis zu dem Moment, in dem Sie sich verabschieden, sind wir daf\u00fcr da, Ihnen einen komfortablen und sorgenfreien Aufenthalt zu bieten.<\/p><p>V Malostransk\u00e9 Residenci nejde jen o ubytov\u00e1n\u00ed; jde o pro\u017eitek. T\u011b\u0161\u00edme se na to, \u017ee v\u00e1s p\u0159iv\u00edt\u00e1me a poskytneme v\u00e1m nezapomenuteln\u00fd pobyt pln\u00fd pohodl\u00ed, osobn\u00ed p\u00e9\u010de a z\u00e1\u017eitk\u016f. Va\u0161e spokojenost je pro n\u00e1s prioritou \u010d\u00edslo jedna.<\/p><\/div>\n\t\t\t\t<\/div>\n\t\t\t\t<\/div>\n\t\t\t\t\t\t<\/div>\n\t\t\t\t\t<\/div>\n\t\t<\/div>\n\t\t\t\t\t\t\t\t<\/div>\n\t\t\t\t\t<\/div>\n\t\t<\/section>\n\t\t\t\t<section class=\"elementor-section elementor-top-section elementor-element elementor-element-cc7598b elementor-section-height-min-height elementor-section-items-stretch elementor-section-boxed elementor-section-height-default\" data-id=\"cc7598b\" data-element_type=\"section\">\n\t\t\t\t\t\t<div class=\"elementor-container elementor-column-gap-default\">\n\t\t\t\t\t\t\t<div class=\"elementor-row\">\n\t\t\t\t\t<div class=\"elementor-column elementor-col-50 elementor-top-column elementor-element elementor-element-d7f858c\" data-id=\"d7f858c\" data-element_type=\"column\">\n\t\t\t<div class=\"elementor-column-wrap elementor-element-populated\">\n\t\t\t\t\t\t\t<div class=\"elementor-widget-wrap\">\n\t\t\t\t\t\t<div class=\"elementor-element elementor-element-a10ffae elementor-widget elementor-widget-heading\" data-id=\"a10ffae\" data-element_type=\"widget\" data-widget_type=\"heading.default\">\n\t\t\t\t<div class=\"elementor-widget-container\">\n\t\t\t<h2 class=\"elementor-heading-title elementor-size-default\">Historie<\/h2>\t\t<\/div>\n\t\t\t\t<\/div>\n\t\t\t\t<div class=\"elementor-element elementor-element-6f9757a elementor-widget elementor-widget-text-editor\" data-id=\"6f9757a\" data-element_type=\"widget\" data-widget_type=\"text-editor.default\">\n\t\t\t\t<div class=\"elementor-widget-container\">\n\t\t\t\t\t<div class=\"elementor-text-editor elementor-clearfix\"><p>Das Geb\u00e4ude der Malostranska Residence wurde 1870 als Sparkasse gebaut und diente die n\u00e4chsten 60 Jahre als solche. Nach seiner Schlie\u00dfung im Jahr 1930 wurde es in Wohnungen umgewandelt.<\/p><p>Architekt Jan \u0160ula p\u0159i v\u00fdstavb\u011b pov\u011b\u0159il Mikol\u00e1\u0161e Ale\u0161e, nejzn\u00e1m\u011bj\u0161\u00edho \u010desk\u00e9ho um\u011blce, vytvo\u0159en\u00edm p\u011bti kr\u00e1sn\u00fdch fresek ve foyer, kter\u00e9 jsou vysok\u00e9 75 cm a t\u00e1hnou se od hlavn\u00edho vchodu a\u017e do dvora. Tyto fresky zobrazuj\u00ed p\u0159\u00edb\u011bhy \u010desk\u00e9ho lidu a jsou podeps\u00e1ny Mikol\u00e1\u0161em Ale\u0161em v roce 1895.<\/p><p>St\u011bny nesou nejen kr\u00e1sn\u00e9 fresky od Mikol\u00e1\u0161e Ale\u0161e, ale i p\u0159\u00edb\u011bhy stolet\u00ed star\u00e9 budovy<\/p><\/div>\n\t\t\t\t<\/div>\n\t\t\t\t<\/div>\n\t\t\t\t\t\t<\/div>\n\t\t\t\t\t<\/div>\n\t\t<\/div>\n\t\t\t\t<div class=\"elementor-column elementor-col-50 elementor-top-column elementor-element elementor-element-0107b03\" data-id=\"0107b03\" data-element_type=\"column\">\n\t\t\t<div class=\"elementor-column-wrap elementor-element-populated\">\n\t\t\t\t\t\t\t<div class=\"elementor-widget-wrap\">\n\t\t\t\t\t\t<div class=\"elementor-element elementor-element-95c0882 elementor-widget elementor-widget-image\" data-id=\"95c0882\" data-element_type=\"widget\" data-widget_type=\"image.default\">\n\t\t\t\t<div class=\"elementor-widget-container\">\n\t\t\t\t\t<div class=\"elementor-image\">\n\t\t\t\t\t\t\t\t\t\t<img loading=\"lazy\" width=\"800\" height=\"534\" src=\"https:\/\/malostranskaresidence.com\/wp-content\/uploads\/sites\/53\/2020\/06\/beef-cuisine-delicious-dinner-299347-1024x683.jpg\" class=\"attachment-large size-large\" alt=\"\" decoding=\"async\" srcset=\"https:\/\/malostranskaresidence.com\/wp-content\/uploads\/sites\/53\/2020\/06\/beef-cuisine-delicious-dinner-299347-1024x683.jpg 1024w, https:\/\/malostranskaresidence.com\/wp-content\/uploads\/sites\/53\/2020\/06\/beef-cuisine-delicious-dinner-299347-300x200.jpg 300w, https:\/\/malostranskaresidence.com\/wp-content\/uploads\/sites\/53\/2020\/06\/beef-cuisine-delicious-dinner-299347-768x512.jpg 768w, https:\/\/malostranskaresidence.com\/wp-content\/uploads\/sites\/53\/2020\/06\/beef-cuisine-delicious-dinner-299347-1536x1024.jpg 1536w, https:\/\/malostranskaresidence.com\/wp-content\/uploads\/sites\/53\/2020\/06\/beef-cuisine-delicious-dinner-299347.jpg 1920w\" sizes=\"(max-width: 800px) 100vw, 800px\" \/>\t\t\t\t\t\t\t\t\t\t\t<\/div>\n\t\t\t\t<\/div>\n\t\t\t\t<\/div>\n\t\t\t\t\t\t<\/div>\n\t\t\t\t\t<\/div>\n\t\t<\/div>\n\t\t\t\t\t\t\t\t<\/div>\n\t\t\t\t\t<\/div>\n\t\t<\/section>\n\t\t\t\t<section class=\"elementor-section elementor-top-section elementor-element elementor-element-4277231 elementor-section-height-min-height elementor-section-items-stretch elementor-section-boxed elementor-section-height-default\" data-id=\"4277231\" data-element_type=\"section\">\n\t\t\t\t\t\t<div class=\"elementor-container elementor-column-gap-default\">\n\t\t\t\t\t\t\t<div class=\"elementor-row\">\n\t\t\t\t\t<div class=\"elementor-column elementor-col-50 elementor-top-column elementor-element elementor-element-9c0afc5 second\" data-id=\"9c0afc5\" data-element_type=\"column\">\n\t\t\t<div class=\"elementor-column-wrap elementor-element-populated\">\n\t\t\t\t\t\t\t<div class=\"elementor-widget-wrap\">\n\t\t\t\t\t\t<div class=\"elementor-element elementor-element-b1014a1 elementor-widget elementor-widget-image\" data-id=\"b1014a1\" data-element_type=\"widget\" data-widget_type=\"image.default\">\n\t\t\t\t<div class=\"elementor-widget-container\">\n\t\t\t\t\t<div class=\"elementor-image\">\n\t\t\t\t\t\t\t\t\t\t<img loading=\"lazy\" width=\"800\" height=\"534\" src=\"https:\/\/malostranskaresidence.com\/wp-content\/uploads\/sites\/53\/2020\/06\/empty-dining-tables-and-chairs-1579739-1024x683.jpg\" class=\"attachment-large size-large\" alt=\"\" decoding=\"async\" srcset=\"https:\/\/malostranskaresidence.com\/wp-content\/uploads\/sites\/53\/2020\/06\/empty-dining-tables-and-chairs-1579739-1024x683.jpg 1024w, https:\/\/malostranskaresidence.com\/wp-content\/uploads\/sites\/53\/2020\/06\/empty-dining-tables-and-chairs-1579739-300x200.jpg 300w, https:\/\/malostranskaresidence.com\/wp-content\/uploads\/sites\/53\/2020\/06\/empty-dining-tables-and-chairs-1579739-768x512.jpg 768w, https:\/\/malostranskaresidence.com\/wp-content\/uploads\/sites\/53\/2020\/06\/empty-dining-tables-and-chairs-1579739-1536x1024.jpg 1536w, https:\/\/malostranskaresidence.com\/wp-content\/uploads\/sites\/53\/2020\/06\/empty-dining-tables-and-chairs-1579739.jpg 1920w\" sizes=\"(max-width: 800px) 100vw, 800px\" \/>\t\t\t\t\t\t\t\t\t\t\t<\/div>\n\t\t\t\t<\/div>\n\t\t\t\t<\/div>\n\t\t\t\t\t\t<\/div>\n\t\t\t\t\t<\/div>\n\t\t<\/div>\n\t\t\t\t<div class=\"elementor-column elementor-col-50 elementor-top-column elementor-element elementor-element-09ceb6b\" data-id=\"09ceb6b\" data-element_type=\"column\">\n\t\t\t<div class=\"elementor-column-wrap elementor-element-populated\">\n\t\t\t\t\t\t\t<div class=\"elementor-widget-wrap\">\n\t\t\t\t\t\t<div class=\"elementor-element elementor-element-7e5ed06 elementor-widget elementor-widget-heading\" data-id=\"7e5ed06\" data-element_type=\"widget\" data-widget_type=\"heading.default\">\n\t\t\t\t<div class=\"elementor-widget-container\">\n\t\t\t<h2 class=\"elementor-heading-title elementor-size-default\">Parkov\u00e1n\u00ed<\/h2>\t\t<\/div>\n\t\t\t\t<\/div>\n\t\t\t\t<div class=\"elementor-element elementor-element-56b8ba4 elementor-widget elementor-widget-text-editor\" data-id=\"56b8ba4\" data-element_type=\"widget\" data-widget_type=\"text-editor.default\">\n\t\t\t\t<div class=\"elementor-widget-container\">\n\t\t\t\t\t<div class=\"elementor-text-editor elementor-clearfix\"><p>F\u00fcr G\u00e4ste, die mit dem Auto anreisen, bieten wir die M\u00f6glichkeit, auf der Stra\u00dfe direkt am Hotel oder in einer nahegelegenen Garage sicher und sorgenfrei zu parken.<\/p><p>Wenn Sie mit dem Flugzeug anreisen, k\u00f6nnen wir f\u00fcr Sie einen Transfer direkt vom Flughafen zu unserem Hotel organisieren.<\/p><\/div>\n\t\t\t\t<\/div>\n\t\t\t\t<\/div>\n\t\t\t\t\t\t<\/div>\n\t\t\t\t\t<\/div>\n\t\t<\/div>\n\t\t\t\t\t\t\t\t<\/div>\n\t\t\t\t\t<\/div>\n\t\t<\/section>\n\t\t\t\t<section class=\"elementor-section elementor-top-section elementor-element elementor-element-d640fe7 elementor-section-height-min-height elementor-section-boxed elementor-section-height-default elementor-section-items-middle\" data-id=\"d640fe7\" data-element_type=\"section\" data-settings=\"{&quot;background_background&quot;:&quot;classic&quot;}\">\n\t\t\t\t\t\t\t<div class=\"elementor-background-overlay\"><\/div>\n\t\t\t\t\t\t\t<div class=\"elementor-container elementor-column-gap-default\">\n\t\t\t\t\t\t\t<div class=\"elementor-row\">\n\t\t\t\t\t<div class=\"elementor-column elementor-col-100 elementor-top-column elementor-element elementor-element-3906a17\" data-id=\"3906a17\" data-element_type=\"column\">\n\t\t\t<div class=\"elementor-column-wrap elementor-element-populated\">\n\t\t\t\t\t\t\t<div class=\"elementor-widget-wrap\">\n\t\t\t\t\t\t<div class=\"elementor-element elementor-element-76fc6d6 elementor-widget elementor-widget-heading\" data-id=\"76fc6d6\" data-element_type=\"widget\" data-widget_type=\"heading.default\">\n\t\t\t\t<div class=\"elementor-widget-container\">\n\t\t\t<h2 class=\"elementor-heading-title elementor-size-default\">Nab\u00eddka<\/h2>\t\t<\/div>\n\t\t\t\t<\/div>\n\t\t\t\t<div class=\"elementor-element elementor-element-5a784fd elementor-align-right elementor-widget__width-initial elementor-widget elementor-widget-button\" data-id=\"5a784fd\" data-element_type=\"widget\" data-widget_type=\"button.default\">\n\t\t\t\t<div class=\"elementor-widget-container\">\n\t\t\t\t\t<div class=\"elementor-button-wrapper\">\n\t\t\t<a href=\"https:\/\/malostranskaresidence.com\/wp-content\/uploads\/sites\/53\/2020\/09\/\u010cte\u010dka-doklad\u016f-nab\u00eddka.pdf\" target=\"_blank\" class=\"elementor-button-link elementor-button elementor-size-sm\" role=\"button\">\n\t\t\t\t\t\t<span class=\"elementor-button-content-wrapper\">\n\t\t\t\t\t\t<span class=\"elementor-button-text\">St\u00e1l\u00e9 menu<\/span>\n\t\t<\/span>\n\t\t\t\t\t<\/a>\n\t\t<\/div>\n\t\t\t\t<\/div>\n\t\t\t\t<\/div>\n\t\t\t\t<div class=\"elementor-element elementor-element-2066f03 elementor-align-left elementor-widget__width-initial elementor-widget elementor-widget-button\" data-id=\"2066f03\" data-element_type=\"widget\" data-widget_type=\"button.default\">\n\t\t\t\t<div class=\"elementor-widget-container\">\n\t\t\t\t\t<div class=\"elementor-button-wrapper\">\n\t\t\t<a class=\"elementor-button elementor-size-sm\" role=\"button\">\n\t\t\t\t\t\t<span class=\"elementor-button-content-wrapper\">\n\t\t\t\t\t\t<span class=\"elementor-button-text\">Denn\u00ed menu<\/span>\n\t\t<\/span>\n\t\t\t\t\t<\/a>\n\t\t<\/div>\n\t\t\t\t<\/div>\n\t\t\t\t<\/div>\n\t\t\t\t\t\t<\/div>\n\t\t\t\t\t<\/div>\n\t\t<\/div>\n\t\t\t\t\t\t\t\t<\/div>\n\t\t\t\t\t<\/div>\n\t\t<\/section>\n\t\t\t\t<section class=\"elementor-section elementor-top-section elementor-element elementor-element-51cfafe elementor-section-stretched elementor-section-full_width elementor-section-height-default elementor-section-height-default\" data-id=\"51cfafe\" data-element_type=\"section\" data-settings=\"{&quot;stretch_section&quot;:&quot;section-stretched&quot;}\">\n\t\t\t\t\t\t<div class=\"elementor-container elementor-column-gap-default\">\n\t\t\t\t\t\t\t<div class=\"elementor-row\">\n\t\t\t\t\t<div class=\"elementor-column elementor-col-100 elementor-top-column elementor-element elementor-element-d513cf4\" data-id=\"d513cf4\" data-element_type=\"column\">\n\t\t\t<div class=\"elementor-column-wrap elementor-element-populated\">\n\t\t\t\t\t\t\t<div class=\"elementor-widget-wrap\">\n\t\t\t\t\t\t<div class=\"elementor-element elementor-element-3943121 elementor-widget elementor-widget-heading\" data-id=\"3943121\" data-element_type=\"widget\" data-widget_type=\"heading.default\">\n\t\t\t\t<div class=\"elementor-widget-container\">\n\t\t\t<h2 class=\"elementor-heading-title elementor-size-default\">Bildergalerie<\/h2>\t\t<\/div>\n\t\t\t\t<\/div>\n\t\t\t\t<div class=\"elementor-element elementor-element-e56c30c elementor-widget elementor-widget-gallery\" data-id=\"e56c30c\" data-element_type=\"widget\" data-settings=\"{&quot;gallery_layout&quot;:&quot;justified&quot;,&quot;ideal_row_height&quot;:{&quot;unit&quot;:&quot;px&quot;,&quot;size&quot;:300,&quot;sizes&quot;:[]},&quot;gap&quot;:{&quot;unit&quot;:&quot;px&quot;,&quot;size&quot;:12,&quot;sizes&quot;:[]},&quot;lazyload&quot;:&quot;yes&quot;,&quot;ideal_row_height_tablet&quot;:{&quot;unit&quot;:&quot;px&quot;,&quot;size&quot;:150,&quot;sizes&quot;:[]},&quot;ideal_row_height_mobile&quot;:{&quot;unit&quot;:&quot;px&quot;,&quot;size&quot;:150,&quot;sizes&quot;:[]},&quot;gap_tablet&quot;:{&quot;unit&quot;:&quot;px&quot;,&quot;size&quot;:10,&quot;sizes&quot;:[]},&quot;gap_mobile&quot;:{&quot;unit&quot;:&quot;px&quot;,&quot;size&quot;:10,&quot;sizes&quot;:[]},&quot;link_to&quot;:&quot;file&quot;,&quot;overlay_background&quot;:&quot;yes&quot;,&quot;content_hover_animation&quot;:&quot;fade-in&quot;}\" data-widget_type=\"gallery.default\">\n\t\t\t\t<div class=\"elementor-widget-container\">\n\t\t\t\t\t<div class=\"elementor-gallery__container\">\n\t\t\t\t\t\t\t<a class=\"e-gallery-item elementor-gallery-item elementor-animated-content\" href=\"https:\/\/malostranskaresidence.com\/wp-content\/uploads\/sites\/53\/2020\/06\/chef-preparing-vegetable-dish-on-tree-slab-1267320.jpg\" data-elementor-open-lightbox=\"yes\" data-elementor-lightbox-slideshow=\"all-e56c30c\" data-elementor-lightbox-title=\"chef-preparing-vegetable-dish-on-tree-slab-1267320\">\n\t\t\t\t\t<div class=\"e-gallery-image elementor-gallery-item__image\" data-thumbnail=\"https:\/\/malostranskaresidence.com\/wp-content\/uploads\/sites\/53\/2020\/06\/chef-preparing-vegetable-dish-on-tree-slab-1267320-768x512.jpg\" data-width=\"768\" data-height=\"512\" alt=\"\" ><\/div>\n\t\t\t\t\t\t\t\t\t\t<div class=\"elementor-gallery-item__overlay\"><\/div>\n\t\t\t\t\t\t\t\t\t\t\t\t\t\t<\/a>\n\t\t\t\t\t\t\t<a class=\"e-gallery-item elementor-gallery-item elementor-animated-content\" href=\"https:\/\/malostranskaresidence.com\/wp-content\/uploads\/sites\/53\/2020\/06\/beef-cuisine-delicious-dinner-299347.jpg\" data-elementor-open-lightbox=\"yes\" data-elementor-lightbox-slideshow=\"all-e56c30c\" data-elementor-lightbox-title=\"beef-cuisine-delicious-dinner-299347\">\n\t\t\t\t\t<div class=\"e-gallery-image elementor-gallery-item__image\" data-thumbnail=\"https:\/\/malostranskaresidence.com\/wp-content\/uploads\/sites\/53\/2020\/06\/beef-cuisine-delicious-dinner-299347-768x512.jpg\" data-width=\"768\" data-height=\"512\" alt=\"\" ><\/div>\n\t\t\t\t\t\t\t\t\t\t<div class=\"elementor-gallery-item__overlay\"><\/div>\n\t\t\t\t\t\t\t\t\t\t\t\t\t\t<\/a>\n\t\t\t\t\t\t\t<a class=\"e-gallery-item elementor-gallery-item elementor-animated-content\" href=\"https:\/\/malostranskaresidence.com\/wp-content\/uploads\/sites\/53\/2020\/06\/empty-dining-tables-and-chairs-1579739.jpg\" data-elementor-open-lightbox=\"yes\" data-elementor-lightbox-slideshow=\"all-e56c30c\" data-elementor-lightbox-title=\"empty-dining-tables-and-chairs-1579739\">\n\t\t\t\t\t<div class=\"e-gallery-image elementor-gallery-item__image\" data-thumbnail=\"https:\/\/malostranskaresidence.com\/wp-content\/uploads\/sites\/53\/2020\/06\/empty-dining-tables-and-chairs-1579739-768x512.jpg\" data-width=\"768\" data-height=\"512\" alt=\"\" ><\/div>\n\t\t\t\t\t\t\t\t\t\t<div class=\"elementor-gallery-item__overlay\"><\/div>\n\t\t\t\t\t\t\t\t\t\t\t\t\t\t<\/a>\n\t\t\t\t\t\t\t<a class=\"e-gallery-item elementor-gallery-item elementor-animated-content\" href=\"https:\/\/malostranskaresidence.com\/wp-content\/uploads\/sites\/53\/2020\/06\/cooked-food-704569-768x1024-1.jpg\" data-elementor-open-lightbox=\"yes\" data-elementor-lightbox-slideshow=\"all-e56c30c\" data-elementor-lightbox-title=\"cooked-food-704569-768x1024\">\n\t\t\t\t\t<div class=\"e-gallery-image elementor-gallery-item__image\" data-thumbnail=\"https:\/\/malostranskaresidence.com\/wp-content\/uploads\/sites\/53\/2020\/06\/cooked-food-704569-768x1024-1.jpg\" data-width=\"768\" data-height=\"1024\" alt=\"\" ><\/div>\n\t\t\t\t\t\t\t\t\t\t<div class=\"elementor-gallery-item__overlay\"><\/div>\n\t\t\t\t\t\t\t\t\t\t\t\t\t\t<\/a>\n\t\t\t\t\t\t\t<a class=\"e-gallery-item elementor-gallery-item elementor-animated-content\" href=\"https:\/\/malostranskaresidence.com\/wp-content\/uploads\/sites\/53\/2020\/06\/martin-widenka-tkfRSPt-jdk-unsplash-1024x1024-1.jpg\" data-elementor-open-lightbox=\"yes\" data-elementor-lightbox-slideshow=\"all-e56c30c\" data-elementor-lightbox-title=\"martin-widenka-tkfRSPt-jdk-unsplash-1024x1024\">\n\t\t\t\t\t<div class=\"e-gallery-image elementor-gallery-item__image\" data-thumbnail=\"https:\/\/malostranskaresidence.com\/wp-content\/uploads\/sites\/53\/2020\/06\/martin-widenka-tkfRSPt-jdk-unsplash-1024x1024-1-768x768.jpg\" data-width=\"768\" data-height=\"768\" alt=\"\" ><\/div>\n\t\t\t\t\t\t\t\t\t\t<div class=\"elementor-gallery-item__overlay\"><\/div>\n\t\t\t\t\t\t\t\t\t\t\t\t\t\t<\/a>\n\t\t\t\t\t\t\t<a class=\"e-gallery-item elementor-gallery-item elementor-animated-content\" href=\"https:\/\/malostranskaresidence.com\/wp-content\/uploads\/sites\/53\/2020\/07\/pan-xiaozhen-x-iM-wOy9Jg-unsplash.jpg\" data-elementor-open-lightbox=\"yes\" data-elementor-lightbox-slideshow=\"all-e56c30c\" data-elementor-lightbox-title=\"pan-xiaozhen-x-iM-wOy9Jg-unsplash\">\n\t\t\t\t\t<div class=\"e-gallery-image elementor-gallery-item__image\" data-thumbnail=\"https:\/\/malostranskaresidence.com\/wp-content\/uploads\/sites\/53\/2020\/07\/pan-xiaozhen-x-iM-wOy9Jg-unsplash.jpg\" data-width=\"640\" data-height=\"360\" alt=\"\" ><\/div>\n\t\t\t\t\t\t\t\t\t\t<div class=\"elementor-gallery-item__overlay\"><\/div>\n\t\t\t\t\t\t\t\t\t\t\t\t\t\t<\/a>\n\t\t\t\t\t\t\t<a class=\"e-gallery-item elementor-gallery-item elementor-animated-content\" href=\"https:\/\/malostranskaresidence.com\/wp-content\/uploads\/sites\/53\/2020\/06\/jenn-kosar-k5VGs9qQubc-unsplash.jpg\" data-elementor-open-lightbox=\"yes\" data-elementor-lightbox-slideshow=\"all-e56c30c\" data-elementor-lightbox-title=\"jenn-kosar-k5VGs9qQubc-unsplash\">\n\t\t\t\t\t<div class=\"e-gallery-image elementor-gallery-item__image\" data-thumbnail=\"https:\/\/malostranskaresidence.com\/wp-content\/uploads\/sites\/53\/2020\/06\/jenn-kosar-k5VGs9qQubc-unsplash.jpg\" data-width=\"640\" data-height=\"853\" alt=\"\" ><\/div>\n\t\t\t\t\t\t\t\t\t\t<div class=\"elementor-gallery-item__overlay\"><\/div>\n\t\t\t\t\t\t\t\t\t\t\t\t\t\t<\/a>\n\t\t\t\t\t<\/div>\n\t\t\t<\/div>\n\t\t\t\t<\/div>\n\t\t\t\t\t\t<\/div>\n\t\t\t\t\t<\/div>\n\t\t<\/div>\n\t\t\t\t\t\t\t\t<\/div>\n\t\t\t\t\t<\/div>\n\t\t<\/section>\n\t\t\t\t\t\t<\/div>\n\t\t\t\t\t\t<\/div>\n\t\t\t\t\t<\/div>","protected":false},"excerpt":{"rendered":"<p>Osobn\u00ed p\u0159\u00edstup Zakl\u00e1d\u00e1me si na osobn\u00edm p\u0159\u00edstupu k na\u0161im host\u016fm. Od chv\u00edle, kdy vkro\u010d\u00edte do na\u0161\u00ed residence, a\u017e do okam\u017eiku, kdy se lou\u010d\u00edte, jsme zde, abychom v\u00e1m poskytli pohodln\u00fd a bezstarostn\u00fd pobyt. V Malostransk\u00e9 Residenci nejde jen o ubytov\u00e1n\u00ed; jde o pro\u017eitek. T\u011b\u0161\u00edme se na to, \u017ee v\u00e1s p\u0159iv\u00edt\u00e1me a poskytneme v\u00e1m nezapomenuteln\u00fd pobyt pln\u00fd [&hellip;]<\/p>","protected":false},"author":1,"featured_media":0,"parent":0,"menu_order":4,"comment_status":"closed","ping_status":"closed","template":"elementor_header_footer","meta":{"footnotes":""},"aioseo_notices":[],"_links":{"self":[{"href":"https:\/\/malostranskaresidence.com\/de\/wp-json\/wp\/v2\/pages\/209"}],"collection":[{"href":"https:\/\/malostranskaresidence.com\/de\/wp-json\/wp\/v2\/pages"}],"about":[{"href":"https:\/\/malostranskaresidence.com\/de\/wp-json\/wp\/v2\/types\/page"}],"author":[{"embeddable":true,"href":"https:\/\/malostranskaresidence.com\/de\/wp-json\/wp\/v2\/users\/1"}],"replies":[{"embeddable":true,"href":"https:\/\/malostranskaresidence.com\/de\/wp-json\/wp\/v2\/comments?post=209"}],"version-history":[{"count":16,"href":"https:\/\/malostranskaresidence.com\/de\/wp-json\/wp\/v2\/pages\/209\/revisions"}],"predecessor-version":[{"id":742,"href":"https:\/\/malostranskaresidence.com\/de\/wp-json\/wp\/v2\/pages\/209\/revisions\/742"}],"wp:attachment":[{"href":"https:\/\/malostranskaresidence.com\/de\/wp-json\/wp\/v2\/media?parent=209"}],"curies":[{"name":"wp","href":"https:\/\/api.w.org\/{rel}","templated":true}]}}