{"id":904,"date":"2023-12-12T15:26:49","date_gmt":"2023-12-12T14:26:49","guid":{"rendered":"https:\/\/showcase6.better-hotel.com\/?page_id=904"},"modified":"2023-12-12T15:33:15","modified_gmt":"2023-12-12T14:33:15","slug":"gdpr","status":"publish","type":"page","link":"https:\/\/malostranskaresidence.com\/de\/gdpr\/","title":{"rendered":"DSGVO"},"content":{"rendered":"<div data-elementor-type=\"wp-page\" data-elementor-id=\"904\" class=\"elementor elementor-904\" data-elementor-settings=\"[]\">\n\t\t\t\t\t\t<div class=\"elementor-inner\">\n\t\t\t\t\t\t\t<div class=\"elementor-section-wrap\">\n\t\t\t\t\t\t\t<section class=\"elementor-section elementor-top-section elementor-element elementor-element-1f70e43 elementor-section-boxed elementor-section-height-default elementor-section-height-default\" data-id=\"1f70e43\" data-element_type=\"section\">\n\t\t\t\t\t\t<div class=\"elementor-container elementor-column-gap-default\">\n\t\t\t\t\t\t\t<div class=\"elementor-row\">\n\t\t\t\t\t<div class=\"elementor-column elementor-col-100 elementor-top-column elementor-element elementor-element-4b0cf1a\" data-id=\"4b0cf1a\" data-element_type=\"column\">\n\t\t\t<div class=\"elementor-column-wrap elementor-element-populated\">\n\t\t\t\t\t\t\t<div class=\"elementor-widget-wrap\">\n\t\t\t\t\t\t<div class=\"elementor-element elementor-element-cd4c253 elementor-widget elementor-widget-heading\" data-id=\"cd4c253\" data-element_type=\"widget\" data-widget_type=\"heading.default\">\n\t\t\t\t<div class=\"elementor-widget-container\">\n\t\t\t<h2 class=\"elementor-heading-title elementor-size-default\">Datenschutz<\/h2>\t\t<\/div>\n\t\t\t\t<\/div>\n\t\t\t\t\t\t<\/div>\n\t\t\t\t\t<\/div>\n\t\t<\/div>\n\t\t\t\t\t\t\t\t<\/div>\n\t\t\t\t\t<\/div>\n\t\t<\/section>\n\t\t\t\t<section class=\"elementor-section elementor-top-section elementor-element elementor-element-956cdfb elementor-section-boxed elementor-section-height-default elementor-section-height-default\" data-id=\"956cdfb\" data-element_type=\"section\">\n\t\t\t\t\t\t<div class=\"elementor-container elementor-column-gap-default\">\n\t\t\t\t\t\t\t<div class=\"elementor-row\">\n\t\t\t\t\t<div class=\"elementor-column elementor-col-100 elementor-top-column elementor-element elementor-element-f0a308a\" data-id=\"f0a308a\" data-element_type=\"column\">\n\t\t\t<div class=\"elementor-column-wrap elementor-element-populated\">\n\t\t\t\t\t\t\t<div class=\"elementor-widget-wrap\">\n\t\t\t\t\t\t<div class=\"elementor-element elementor-element-be1785b elementor-widget elementor-widget-text-editor\" data-id=\"be1785b\" data-element_type=\"widget\" data-widget_type=\"text-editor.default\">\n\t\t\t\t<div class=\"elementor-widget-container\">\n\t\t\t\t\t<div class=\"elementor-text-editor elementor-clearfix\"><p><strong>I. Grundlegende Bestimmungen<\/strong><\/p><p><span style=\"font-weight: 400;\">Der f\u00fcr die Verarbeitung personenbezogener Daten Verantwortliche im Sinne von Artikel 4 Absatz 7 der Verordnung (EU) 2016\/679 des Europ\u00e4ischen Parlaments und des Rates zum Schutz nat\u00fcrlicher Personen bei der Verarbeitung personenbezogener Daten und zum freien Datenverkehr (im Folgenden: \"DSGVO\") ist Proche Apartments s.r.o., Registrierungsnummer 10966170 (im Folgenden: \"f\u00fcr die Verarbeitung Verantwortlicher\").<\/span><\/p><p><span style=\"font-weight: 400;\">Die Kontaktdaten des Verwalters sind<\/span><\/p><p><span style=\"font-weight: 400;\">Anschrift: Malostransk\u00e9 n\u00e1m\u011bst\u00ed 38\/24, Prag 1, 118 00<\/span><\/p><p><span style=\"font-weight: 400;\">Personenbezogene Daten sind alle Informationen \u00fcber eine bestimmte oder bestimmbare nat\u00fcrliche Person; als bestimmbar wird eine nat\u00fcrliche Person angesehen, die direkt oder indirekt identifiziert werden kann, insbesondere durch Zuordnung zu einer Kennung wie einem Namen, zu einer Kennnummer, zu Standortdaten, zu einer Netzkennung oder zu einem oder mehreren besonderen Merkmalen der physischen, physiologischen, genetischen, psychischen, wirtschaftlichen, kulturellen oder sozialen Identit\u00e4t dieser nat\u00fcrlichen Person. <\/span><span style=\"font-weight: 400;\">Der f\u00fcr die Verarbeitung Verantwortliche hat keinen Datenschutzbeauftragten ernannt.\u00a0<\/span><\/p><p><span style=\"font-weight: 400;\">\u00a0<\/span><\/p><p><strong>II. Quellen und Kategorien der verarbeiteten personenbezogenen Daten<\/strong><\/p><p><span style=\"font-weight: 400;\">Der f\u00fcr die Verarbeitung Verantwortliche verarbeitet personenbezogene Daten, die Sie dem f\u00fcr die Verarbeitung Verantwortlichen zur Verf\u00fcgung gestellt haben, oder personenbezogene Daten, die der f\u00fcr die Verarbeitung Verantwortliche auf der Grundlage der Erf\u00fcllung Ihrer Bestellung erhalten hat.<\/span><\/p><p><span style=\"font-weight: 400;\">Der f\u00fcr die Verarbeitung Verantwortliche verarbeitet Ihre Identifizierungs- und Kontaktdaten sowie Daten, die f\u00fcr die Erf\u00fcllung des Vertrags erforderlich sind.<\/span><\/p><p><span style=\"font-weight: 400;\">\u00a0<\/span><\/p><p><strong>III. Rechtsgrundlage und Zweck der Verarbeitung der personenbezogenen Daten<\/strong><\/p><p><span style=\"font-weight: 400;\">Der rechtm\u00e4\u00dfige Grund f\u00fcr die Verarbeitung personenbezogener Daten ist <\/span><span style=\"font-weight: 400;\">Erf\u00fcllung des Vertrags zwischen Ihnen und dem f\u00fcr die Verarbeitung Verantwortlichen gem\u00e4\u00df Artikel 6 Absatz 1 Buchstabe b) DSGVO, <\/span><span style=\"font-weight: 400;\">das berechtigte Interesse des f\u00fcr die Verarbeitung Verantwortlichen an der Bereitstellung von Direktmarketing (insbesondere f\u00fcr die Zusendung von kommerziellen Mitteilungen und Newslettern) gem\u00e4\u00df Artikel 6 Absatz 1 Buchstabe f) DSGVO, <\/span><span style=\"font-weight: 400;\">Ihre Zustimmung zur Verarbeitung zum Zwecke des Direktmarketings (insbesondere zum Versand von kommerziellen Mitteilungen und Newslettern) gem\u00e4\u00df Artikel 6 Absatz 1 Buchstabe a) DSGVO in Verbindung mit Abschnitt 7 Absatz 2 des Gesetzes Nr. 480\/2004 Slg. \u00fcber bestimmte Dienste der Informationsgesellschaft, wenn keine Bestellung von Waren oder Dienstleistungen vorliegt.<\/span><\/p><p><span style=\"font-weight: 400;\">Der Zweck der Verarbeitung der personenbezogenen Daten ist <\/span><span style=\"font-weight: 400;\">Bearbeitung Ihrer Bestellung und Aus\u00fcbung der Rechte und Pflichten aus dem Vertragsverh\u00e4ltnis zwischen Ihnen und dem f\u00fcr die Verarbeitung Verantwortlichen; bei einer Bestellung werden personenbezogene Daten ben\u00f6tigt, die f\u00fcr die erfolgreiche Abwicklung der Bestellung erforderlich sind (Name und Anschrift, Kontakt), die Bereitstellung personenbezogener Daten ist eine notwendige Voraussetzung f\u00fcr den Abschluss und die Erf\u00fcllung des Vertrages, ohne die Bereitstellung personenbezogener Daten ist der Abschluss des Vertrages oder dessen Erf\u00fcllung durch den f\u00fcr die Verarbeitung Verantwortlichen nicht m\u00f6glich, <\/span><span style=\"font-weight: 400;\">Versendung kommerzieller Mitteilungen und andere Marketingaktivit\u00e4ten.<\/span><\/p><p><span style=\"font-weight: 400;\">Der f\u00fcr die Verarbeitung Verantwortliche trifft automatische Einzelentscheidungen im Sinne von Artikel 22 der Datenschutz-Grundverordnung. Sie haben Ihre ausdr\u00fcckliche Zustimmung zu einer solchen Verarbeitung gegeben.<\/span><\/p><p><span style=\"font-weight: 400;\">\u00a0<\/span><\/p><p><strong>IV. Dauer der Datenspeicherung<\/strong><\/p><p><span style=\"font-weight: 400;\">Der f\u00fcr die Verarbeitung Verantwortliche speichert personenbezogene Daten <\/span><span style=\"font-weight: 400;\">f\u00fcr den Zeitraum, der erforderlich ist, um die Rechte und Pflichten aus dem Vertragsverh\u00e4ltnis zwischen Ihnen und dem f\u00fcr die Verarbeitung Verantwortlichen auszu\u00fcben und um Anspr\u00fcche aus diesem Vertragsverh\u00e4ltnis geltend zu machen (f\u00fcr einen Zeitraum von 15 Jahren nach Beendigung des Vertragsverh\u00e4ltnisses). <\/span><span style=\"font-weight: 400;\">f\u00fcr einen Zeitraum, bevor die Zustimmung zur Verarbeitung personenbezogener Daten zu Marketingzwecken widerrufen wird, jedoch nicht l\u00e4nger als 10 Jahre, wenn die personenbezogenen Daten auf der Grundlage einer Zustimmung verarbeitet werden.<\/span><\/p><p><span style=\"font-weight: 400;\">Nach Ablauf der Aufbewahrungsfrist hat der f\u00fcr die Verarbeitung Verantwortliche die personenbezogenen Daten zu l\u00f6schen.<\/span><\/p><p><span style=\"font-weight: 400;\">\u00a0<\/span><\/p><p><strong>V. Empf\u00e4nger von personenbezogenen Daten (Unterauftragnehmer des f\u00fcr die Verarbeitung Verantwortlichen)<\/strong><\/p><p><span style=\"font-weight: 400;\">Empf\u00e4nger von personenbezogenen Daten sind Personen <\/span><span style=\"font-weight: 400;\">die an der Lieferung von Waren\/Dienstleistungen\/Zahlungen im Rahmen des Vertrags beteiligt sind <\/span><span style=\"font-weight: 400;\">die an der Erbringung der Dienste beteiligt sind, <\/span><span style=\"font-weight: 400;\">die an der Erbringung der Dienste beteiligt sind,<\/span><\/p><p><span style=\"font-weight: 400;\">Der f\u00fcr die Verarbeitung Verantwortliche beabsichtigt nicht, personenbezogene Daten an ein Drittland (Nicht-EU-Land) oder eine internationale Organisation zu \u00fcbermitteln. Die Empf\u00e4nger personenbezogener Daten in Drittl\u00e4ndern sind Mailing-Dienstleister \/ Cloud-Service-Anbieter.<\/span><\/p><p><span style=\"font-weight: 400;\">\u00a0<\/span><\/p><p><strong>VI. Ihre Rechte<\/strong><\/p><p><span style=\"font-weight: 400;\">Nach den Bestimmungen der Datenschutz-Grundverordnung haben Sie <\/span><span style=\"font-weight: 400;\">das Recht auf Zugang zu Ihren personenbezogenen Daten gem\u00e4\u00df Artikel 15 der Datenschutzgrundverordnung, <\/span><span style=\"font-weight: 400;\">das Recht auf Berichtigung personenbezogener Daten gem\u00e4\u00df Artikel 16 DSGVO oder auf Einschr\u00e4nkung der Verarbeitung gem\u00e4\u00df Artikel 18 DSGVO. <\/span><span style=\"font-weight: 400;\">das Recht auf L\u00f6schung der personenbezogenen Daten gem\u00e4\u00df Artikel 17 DSGVO. <\/span><span style=\"font-weight: 400;\">das Recht auf Widerspruch gegen die Verarbeitung gem\u00e4\u00df Artikel 21 DSGVO; und <\/span><span style=\"font-weight: 400;\">das Recht auf Daten\u00fcbertragbarkeit gem\u00e4\u00df Artikel 20 der Datenschutz-Grundverordnung.<\/span><\/p><\/div>\n\t\t\t\t<\/div>\n\t\t\t\t<\/div>\n\t\t\t\t\t\t<\/div>\n\t\t\t\t\t<\/div>\n\t\t<\/div>\n\t\t\t\t\t\t\t\t<\/div>\n\t\t\t\t\t<\/div>\n\t\t<\/section>\n\t\t\t\t\t\t<\/div>\n\t\t\t\t\t\t<\/div>\n\t\t\t\t\t<\/div>","protected":false},"excerpt":{"rendered":"<p>Z\u00e1sady ochrany osobn\u00edch \u00fadaj\u016f I. Z\u00e1kladn\u00ed ustanoven\u00ed Spr\u00e1vcem osobn\u00edch \u00fadaj\u016f podle \u010dl. 4 bod 7 na\u0159\u00edzen\u00ed Evropsk\u00e9ho parlamentu a Rady (EU) 2016\/679 o ochran\u011b fyzick\u00fdch osob v souvislosti se zpracov\u00e1n\u00edm osobn\u00edch \u00fadaj\u016f a o voln\u00e9m pohybu t\u011bchto \u00fadaj\u016f (d\u00e1le jen: \u201eGDPR\u201d) je Proche Apartments s.r.o. I\u010c 10966170 (d\u00e1le jen: \u201espr\u00e1vce\u201c). Kontaktn\u00ed \u00fadaje spr\u00e1vce jsou adresa: [&hellip;]<\/p>","protected":false},"author":1,"featured_media":0,"parent":0,"menu_order":0,"comment_status":"closed","ping_status":"closed","template":"","meta":{"footnotes":""},"aioseo_notices":[],"_links":{"self":[{"href":"https:\/\/malostranskaresidence.com\/de\/wp-json\/wp\/v2\/pages\/904"}],"collection":[{"href":"https:\/\/malostranskaresidence.com\/de\/wp-json\/wp\/v2\/pages"}],"about":[{"href":"https:\/\/malostranskaresidence.com\/de\/wp-json\/wp\/v2\/types\/page"}],"author":[{"embeddable":true,"href":"https:\/\/malostranskaresidence.com\/de\/wp-json\/wp\/v2\/users\/1"}],"replies":[{"embeddable":true,"href":"https:\/\/malostranskaresidence.com\/de\/wp-json\/wp\/v2\/comments?post=904"}],"version-history":[{"count":12,"href":"https:\/\/malostranskaresidence.com\/de\/wp-json\/wp\/v2\/pages\/904\/revisions"}],"predecessor-version":[{"id":916,"href":"https:\/\/malostranskaresidence.com\/de\/wp-json\/wp\/v2\/pages\/904\/revisions\/916"}],"wp:attachment":[{"href":"https:\/\/malostranskaresidence.com\/de\/wp-json\/wp\/v2\/media?parent=904"}],"curies":[{"name":"wp","href":"https:\/\/api.w.org\/{rel}","templated":true}]}}