{"id":918,"date":"2023-12-12T15:34:12","date_gmt":"2023-12-12T14:34:12","guid":{"rendered":"https:\/\/showcase6.better-hotel.com\/?page_id=918"},"modified":"2023-12-12T15:36:33","modified_gmt":"2023-12-12T14:36:33","slug":"ubytovaci-rad","status":"publish","type":"page","link":"https:\/\/malostranskaresidence.com\/de\/ubytovaci-rad\/","title":{"rendered":"Unterkunftsordnung"},"content":{"rendered":"<div data-elementor-type=\"wp-page\" data-elementor-id=\"918\" class=\"elementor elementor-918\" data-elementor-settings=\"[]\">\n\t\t\t\t\t\t<div class=\"elementor-inner\">\n\t\t\t\t\t\t\t<div class=\"elementor-section-wrap\">\n\t\t\t\t\t\t\t<section class=\"elementor-section elementor-top-section elementor-element elementor-element-f405de5 elementor-section-boxed elementor-section-height-default elementor-section-height-default\" data-id=\"f405de5\" data-element_type=\"section\">\n\t\t\t\t\t\t<div class=\"elementor-container elementor-column-gap-default\">\n\t\t\t\t\t\t\t<div class=\"elementor-row\">\n\t\t\t\t\t<div class=\"elementor-column elementor-col-100 elementor-top-column elementor-element elementor-element-6b8516c\" data-id=\"6b8516c\" data-element_type=\"column\">\n\t\t\t<div class=\"elementor-column-wrap elementor-element-populated\">\n\t\t\t\t\t\t\t<div class=\"elementor-widget-wrap\">\n\t\t\t\t\t\t<div class=\"elementor-element elementor-element-3d70134 elementor-widget elementor-widget-heading\" data-id=\"3d70134\" data-element_type=\"widget\" data-widget_type=\"heading.default\">\n\t\t\t\t<div class=\"elementor-widget-container\">\n\t\t\t<h2 class=\"elementor-heading-title elementor-size-default\">Unterbringungsvorschriften<\/h2>\t\t<\/div>\n\t\t\t\t<\/div>\n\t\t\t\t\t\t<\/div>\n\t\t\t\t\t<\/div>\n\t\t<\/div>\n\t\t\t\t\t\t\t\t<\/div>\n\t\t\t\t\t<\/div>\n\t\t<\/section>\n\t\t\t\t<section class=\"elementor-section elementor-top-section elementor-element elementor-element-5e98321 elementor-section-boxed elementor-section-height-default elementor-section-height-default\" data-id=\"5e98321\" data-element_type=\"section\">\n\t\t\t\t\t\t<div class=\"elementor-container elementor-column-gap-default\">\n\t\t\t\t\t\t\t<div class=\"elementor-row\">\n\t\t\t\t\t<div class=\"elementor-column elementor-col-100 elementor-top-column elementor-element elementor-element-baca33b\" data-id=\"baca33b\" data-element_type=\"column\">\n\t\t\t<div class=\"elementor-column-wrap elementor-element-populated\">\n\t\t\t\t\t\t\t<div class=\"elementor-widget-wrap\">\n\t\t\t\t\t\t<div class=\"elementor-element elementor-element-58dee37 elementor-widget elementor-widget-text-editor\" data-id=\"58dee37\" data-element_type=\"widget\" data-widget_type=\"text-editor.default\">\n\t\t\t\t<div class=\"elementor-widget-container\">\n\t\t\t\t\t<div class=\"elementor-text-editor elementor-clearfix\"><ol><li><span style=\"font-weight: 400;\">Der Mieter und Betreiber Proche Apartments s.r.o. stellt f\u00fcr einen vereinbarten Zeitraum Untermietvertr\u00e4ge mit vereinbarten Dienstleistungen in diesem Wohngeb\u00e4ude zur Verf\u00fcgung.<\/span><\/li><li><span style=\"font-weight: 400;\">Vor Antritt der Unterkunft ist der Kunde verpflichtet, das Anmeldeformular auszuf\u00fcllen und zu unterschreiben und sich mit den Unterkunftsregeln vertraut zu machen.<\/span><\/li><li><span style=\"font-weight: 400;\">Die Wohnungen sind ab 14.00 Uhr beziehbar, am Tag des Aufenthaltsendes ist der Kunde verpflichtet, die Wohnung bis 11.00 Uhr zu r\u00e4umen.<\/span><\/li><li><span style=\"font-weight: 400;\">Verl\u00e4ngerungen m\u00fcssen im Voraus vereinbart werden und sind mit zus\u00e4tzlichen Geb\u00fchren verbunden.<\/span><\/li><li><span style=\"font-weight: 400;\">Der Untermieter ist verpflichtet, die vereinbarte Miete bei Vorlage der Rechnung zu zahlen, sofern nichts anderes vereinbart wurde.<\/span><\/li><li><span style=\"font-weight: 400;\">Proche Apartments s.r.o. ist nicht verantwortlich f\u00fcr Geld und Wertsachen, die frei in den Wohnungen gelagert werden.<\/span><\/li><li><span style=\"font-weight: 400;\">Es ist nicht gestattet, in den Wohnungen nach Belieben Ger\u00e4te zu verschieben oder in das Stromnetz einzugreifen.<\/span><\/li><li><span style=\"font-weight: 400;\">Aus Sicherheitsgr\u00fcnden d\u00fcrfen in den Wohnungen nur Elektroger\u00e4te f\u00fcr den pers\u00f6nlichen Gebrauch verwendet werden.<\/span><\/li><li><span style=\"font-weight: 400;\">Aus Sicherheitsgr\u00fcnden ist es nicht erlaubt, Kinder unter 10 Jahren ohne Aufsicht von Erwachsenen in der Wohnung und anderen Gemeinschaftsr\u00e4umen der Malostransk\u00e1 Residence zu lassen.<\/span><\/li><li><span style=\"font-weight: 400;\"> Hunde und andere Tiere k\u00f6nnen nur nach Absprache gegen eine bestimmte Geb\u00fchr und unter der Voraussetzung untergebracht werden, dass sie andere G\u00e4ste nicht st\u00f6ren.<\/span><\/li><li><span style=\"font-weight: 400;\"> Bei Krankheit oder Verletzung des Mieters wird f\u00fcr \u00e4rztliche Hilfe oder den Transport ins Krankenhaus gesorgt. Der Untermieter ist f\u00fcr die damit verbundenen Kosten verantwortlich.<\/span><\/li><li><span style=\"font-weight: 400;\"> Die Untermieter sind verpflichtet, die Nachtruhe von 22.00 bis 8.00 Uhr einzuhalten.<\/span><\/li><li><span style=\"font-weight: 400;\"> Der Untermieter haftet f\u00fcr Sch\u00e4den, die in der gemieteten Wohnung oder anderswo in der Malostransk\u00e1 Residencia verursacht werden, nach den geltenden Rechtsvorschriften.<\/span><\/li><li><span style=\"font-weight: 400;\"> Der Untermieter ist verpflichtet, die Bestimmungen dieser Unterkunftsordnung einzuhalten, andernfalls ist Proche Apartments s.r.o. berechtigt, den Untermietvertrag jederzeit zu k\u00fcndigen.<\/span><\/li><li><span style=\"font-weight: 400;\"> G\u00e4ste, die das Haus besuchen oder dort \u00fcbernachten, m\u00fcssen sich ausweisen. In diesem Fall ist Proche Apartments s.r.o. berechtigt, dem Gast zus\u00e4tzliche Kosten f\u00fcr den Aufenthalt in Rechnung zu stellen. Proche Apartments s.r.o. beh\u00e4lt sich das Recht vor, den oben genannten Personen den Zugang zur Unterkunft oder die \u00dcbernachtung in jedem Fall ohne Begr\u00fcndung zu verweigern.<\/span><\/li><li><span style=\"font-weight: 400;\">Rauchen und der Gebrauch von E-Zigaretten, Kerzen, Duftst\u00e4bchen und \u00e4therischen \u00d6len sind verboten. Diese Aktivit\u00e4ten werden als Rauchen betrachtet, und der Gast wird mit einer Geldstrafe belegt und kann ohne R\u00fcckerstattung aus der Unterkunft verwiesen werden. Wenn ein Mitglied des Teams von Proche Apartments s.r.o. einen Gast beim Rauchen im Geb\u00e4ude (au\u00dferhalb der ausgewiesenen Bereiche - Balkon, Innenhof) erwischt oder Beweise f\u00fcr das Rauchen findet, wird sofort eine Geb\u00fchr von 200 EUR erhoben.<\/span><\/li><li><span style=\"font-weight: 400;\"> Die G\u00e4ste sind verpflichtet, dem Betreiber die gemietete Wohnung im Bedarfsfall oder bei notwendigen Reparaturen zur Verf\u00fcgung zu stellen.<\/span><\/li><li><span style=\"font-weight: 400;\"> Es gibt ein Wunsch- und Beschwerdebuch im Haus<\/span><\/li><\/ol><\/div>\n\t\t\t\t<\/div>\n\t\t\t\t<\/div>\n\t\t\t\t\t\t<\/div>\n\t\t\t\t\t<\/div>\n\t\t<\/div>\n\t\t\t\t\t\t\t\t<\/div>\n\t\t\t\t\t<\/div>\n\t\t<\/section>\n\t\t\t\t\t\t<\/div>\n\t\t\t\t\t\t<\/div>\n\t\t\t\t\t<\/div>","protected":false},"excerpt":{"rendered":"<p>UBYTOVAC\u00cd \u0158\u00c1D N\u00e1jemce a provozovatel Proche Apartments s.r.o., zaji\u0161\u0165uje podn\u00e1jmy v\u010detn\u011b dohodnut\u00fdch slu\u017eeb v tomto reziden\u010dn\u00edm dom\u011b na sjednanou dobu. P\u0159ed zah\u00e1jen\u00edm ubytov\u00e1n\u00ed je klient povinen vyplnit a podepsat registra\u010dn\u00ed formul\u00e1\u0159 a sezn\u00e1mit se s ubytovac\u00edm \u0159\u00e1dem. Apartm\u00e1ny jsou k dispozici k nast\u011bhov\u00e1n\u00ed od 14.00 hod., v den ukon\u010den\u00ed pobytu je klient povinen apartm\u00e1n uvolnit [&hellip;]<\/p>","protected":false},"author":1,"featured_media":0,"parent":0,"menu_order":0,"comment_status":"closed","ping_status":"closed","template":"","meta":{"footnotes":""},"aioseo_notices":[],"_links":{"self":[{"href":"https:\/\/malostranskaresidence.com\/de\/wp-json\/wp\/v2\/pages\/918"}],"collection":[{"href":"https:\/\/malostranskaresidence.com\/de\/wp-json\/wp\/v2\/pages"}],"about":[{"href":"https:\/\/malostranskaresidence.com\/de\/wp-json\/wp\/v2\/types\/page"}],"author":[{"embeddable":true,"href":"https:\/\/malostranskaresidence.com\/de\/wp-json\/wp\/v2\/users\/1"}],"replies":[{"embeddable":true,"href":"https:\/\/malostranskaresidence.com\/de\/wp-json\/wp\/v2\/comments?post=918"}],"version-history":[{"count":4,"href":"https:\/\/malostranskaresidence.com\/de\/wp-json\/wp\/v2\/pages\/918\/revisions"}],"predecessor-version":[{"id":922,"href":"https:\/\/malostranskaresidence.com\/de\/wp-json\/wp\/v2\/pages\/918\/revisions\/922"}],"wp:attachment":[{"href":"https:\/\/malostranskaresidence.com\/de\/wp-json\/wp\/v2\/media?parent=918"}],"curies":[{"name":"wp","href":"https:\/\/api.w.org\/{rel}","templated":true}]}}