{"id":899,"date":"2023-12-12T13:58:00","date_gmt":"2023-12-12T12:58:00","guid":{"rendered":"https:\/\/showcase6.better-hotel.com\/?page_id=899"},"modified":"2024-12-16T18:00:08","modified_gmt":"2024-12-16T17:00:08","slug":"faq","status":"publish","type":"page","link":"https:\/\/malostranskaresidence.com\/en\/faq\/","title":{"rendered":"FAQ"},"content":{"rendered":"<div data-elementor-type=\"wp-page\" data-elementor-id=\"899\" class=\"elementor elementor-899\" data-elementor-settings=\"[]\">\n\t\t\t\t\t\t<div class=\"elementor-inner\">\n\t\t\t\t\t\t\t<div class=\"elementor-section-wrap\">\n\t\t\t\t\t\t\t<section class=\"elementor-section elementor-top-section elementor-element elementor-element-8e4e903 elementor-section-boxed elementor-section-height-default elementor-section-height-default\" data-id=\"8e4e903\" data-element_type=\"section\">\n\t\t\t\t\t\t<div class=\"elementor-container elementor-column-gap-default\">\n\t\t\t\t\t\t\t<div class=\"elementor-row\">\n\t\t\t\t\t<div class=\"elementor-column elementor-col-100 elementor-top-column elementor-element elementor-element-375c862\" data-id=\"375c862\" data-element_type=\"column\">\n\t\t\t<div class=\"elementor-column-wrap elementor-element-populated\">\n\t\t\t\t\t\t\t<div class=\"elementor-widget-wrap\">\n\t\t\t\t\t\t<div class=\"elementor-element elementor-element-a46750f elementor-widget elementor-widget-heading\" data-id=\"a46750f\" data-element_type=\"widget\" data-widget_type=\"heading.default\">\n\t\t\t\t<div class=\"elementor-widget-container\">\n\t\t\t<h2 class=\"elementor-heading-title elementor-size-default\">FAQ<\/h2>\t\t<\/div>\n\t\t\t\t<\/div>\n\t\t\t\t\t\t<\/div>\n\t\t\t\t\t<\/div>\n\t\t<\/div>\n\t\t\t\t\t\t\t\t<\/div>\n\t\t\t\t\t<\/div>\n\t\t<\/section>\n\t\t\t\t<section class=\"elementor-section elementor-top-section elementor-element elementor-element-7965f22 elementor-section-boxed elementor-section-height-default elementor-section-height-default\" data-id=\"7965f22\" data-element_type=\"section\">\n\t\t\t\t\t\t<div class=\"elementor-container elementor-column-gap-default\">\n\t\t\t\t\t\t\t<div class=\"elementor-row\">\n\t\t\t\t\t<div class=\"elementor-column elementor-col-100 elementor-top-column elementor-element elementor-element-221216e\" data-id=\"221216e\" data-element_type=\"column\">\n\t\t\t<div class=\"elementor-column-wrap elementor-element-populated\">\n\t\t\t\t\t\t\t<div class=\"elementor-widget-wrap\">\n\t\t\t\t\t\t<div class=\"elementor-element elementor-element-2846374 elementor-widget elementor-widget-text-editor\" data-id=\"2846374\" data-element_type=\"widget\" data-widget_type=\"text-editor.default\">\n\t\t\t\t<div class=\"elementor-widget-container\">\n\t\t\t\t\t<div class=\"elementor-text-editor elementor-clearfix\"><p><b>Is smoking allowed in the apartments?<\/b><\/p><ul><li>No, all apartments including the building are strictly non-smoking.<\/li><\/ul><p><b>\u00a0<\/b><\/p><p><b>What are the reception opening hours?<\/b><\/p><ul><li>The reception is open every day from 8 am to 9 pm.<\/li><\/ul><p><b style=\"font-size: 1em\">\u00a0<\/b><\/p><p><b style=\"font-size: 1em\">What time can I check in and what time do I need to leave the apartment?<\/b><\/p><ul><li>Check-in is possible between 2 pm and 9 pm. Check-out from the apartment is between 9 - 11am.<\/li><\/ul><p><b>\u00a0<\/b><\/p><p><b>Is it possible to arrive or depart earlier or later than the scheduled time?<\/b><\/p><ul><li>Yes, it can be individually arranged for earlier\/later departure or arrival. This service may incur a charge and must be confirmed at least 36 hours in advance.<\/li><\/ul><p><strong>\u00a0<\/strong><\/p><p><strong>Do you provide luggage storage for early arrivals or late departures?<\/strong><\/p><ul><li>Yes, it is possible to store your luggage free of charge during reception opening hours.\u00a0<\/li><\/ul><p><b>\u00a0<\/b><\/p><p><b>Is WI-FI available?<\/b><\/p><ul><li>Yes, free high-speed Wi-Fi is available.<\/li><\/ul><p><b>\u00a0<\/b><\/p><p><b>Are pets allowed in the hotel?<\/b><\/p><ul><li>Dogs are allowed in some apartments. Please contact us for more information.\u00a0<\/li><\/ul><p><b>\u00a0<\/b><\/p><p><b>Do you provide room service?<\/b><\/p><ul><li>Yes, daily room service is included.\u00a0<\/li><\/ul><p><b>\u00a0<\/b><\/p><p><b>What is the refundable security deposit?<\/b><\/p><ul><li>The refundable security deposit is EUR 100\/apartment.\u00a0<\/li><\/ul><p><b>\u00a0<\/b><\/p><p><b>Is breakfast included in the room rate?<\/b><\/p><ul><li>No, breakfast at the partner caf\u00e9 can be purchased on site.\u00a0<\/li><\/ul><p><b>\u00a0<\/b><\/p><p><b>Is parking available and what is the cost?<\/b><\/p><ul><li>Nab\u00edz\u00edme parkov\u00e1n\u00ed v nedalek\u00e9 gar\u00e1\u017ei za 40 EUR\/den. Vzhledem k omezen\u00e9 kapacit\u011b, je rezervace p\u0159edem nutn\u00e1.\u00a0<\/li><\/ul><p><b>\u00a0<\/b><\/p><p><b>Which payment methods do you accept?<\/b><\/p><ul><li>You can pay in cash CZK or EUR, or by credit card (MasterCard, Maestro, Visa)<\/li><\/ul><p><b>\u00a0<\/b><\/p><p><b>Is the kitchen equipped with utensils?<\/b><\/p><ul><li>Yes, each kitchen is fully equipped with a hob, dishwasher, fridge\/freezer, kettle, Nespresso coffee machine.<\/li><\/ul><p><b>\u00a0<\/b><\/p><p><b>Is it possible to buy capsules for the coffee machine?<\/b><\/p><ul><li>Several capsules are ready for each stay. Additional capsules can be purchased. Teas of several kinds are available free of charge.<\/li><\/ul><p><b>\u00a0<\/b><\/p><p><b>Are there towels and a hairdryer in the bathroom?<\/b><\/p><ul><li>Yes, there is a hairdryer, hand towel and bath towel in the bathroom for each guest.<\/li><\/ul><p><b>\u00a0<\/b><\/p><p><b>Do the apartments have a washing machine?<\/b><\/p><ul><li>The Executive Suites, Presidential Suite and Penthouse have a washing machine. Iron and ironing board are available. The hotel's laundry service is available for a fee.\u00a0<\/li><\/ul><p><b>\u00a0<\/b><\/p><p><b>Can I use Netflix on the TV?<\/b><\/p><ul><li>Yes, all TVs support streaming apps. Satellite streaming is not available.<\/li><\/ul><p><b>\u00a0<\/b><\/p><p><b>How can I book a stay with you?<\/b><\/p><ul><li>You can book your stay online on our website or by emailing our reservations department at info@malostranskaresidence.com.\u00a0<\/li><\/ul><p><b>\u00a0<\/b><\/p><p><b>Can I pay for my stay on the spot?<\/b><\/p><ul><li>Yes, but for every reservation a credit card pre-authorization is made prior to arrival. It is then possible to choose the form of payment according to your preferences on the spot.\u00a0<\/li><\/ul><p><b>\u00a0<\/b><\/p><p><b>What are the cancellation fees?<\/b><\/p><ul><li>In case of cancellation less than 5 days before arrival, a 100% cancellation fee will be charged. Non-refundable bookings are always subject to a 100% cancellation fee.\u00a0<\/li><\/ul><p><b>\u00a0<\/b><\/p><p><b>Is Malostransk\u00e1 Residence wheelchair accessible?<\/b><\/p><ul><li>No, unfortunately our facilities are not suitable for wheelchair users.<\/li><\/ul><p><b>\u00a0<\/b><\/p><p>\u00a0<\/p><\/div>\n\t\t\t\t<\/div>\n\t\t\t\t<\/div>\n\t\t\t\t\t\t<\/div>\n\t\t\t\t\t<\/div>\n\t\t<\/div>\n\t\t\t\t\t\t\t\t<\/div>\n\t\t\t\t\t<\/div>\n\t\t<\/section>\n\t\t\t\t\t\t<\/div>\n\t\t\t\t\t\t<\/div>\n\t\t\t\t\t<\/div>","protected":false},"excerpt":{"rendered":"<p>FAQ Jsou apartm\u00e1ny ku\u0159\u00e1ck\u00e9? Ne, v\u0161echny apartm\u00e1ny v\u010detn\u011b prostor budovy jsou striktn\u011b neku\u0159\u00e1ck\u00e9. \u00a0 Jak\u00e1 je otev\u00edrac\u00ed doba recepce? Recepce je otev\u0159en\u00e1 ka\u017ed\u00fd den od 8 do 21 hod. \u00a0 V kolik je mo\u017en\u00e9 se ubytovat a v kolik je nutn\u00e9 apartm\u00e1n opustit? P\u0159\u00edjezd je mo\u017en\u00fd mezi 14 &#8211; 21hod. Check-out z apartm\u00e1nu je mezi [&hellip;]<\/p>","protected":false},"author":1,"featured_media":0,"parent":0,"menu_order":0,"comment_status":"closed","ping_status":"closed","template":"","meta":{"footnotes":""},"aioseo_notices":[],"_links":{"self":[{"href":"https:\/\/malostranskaresidence.com\/en\/wp-json\/wp\/v2\/pages\/899"}],"collection":[{"href":"https:\/\/malostranskaresidence.com\/en\/wp-json\/wp\/v2\/pages"}],"about":[{"href":"https:\/\/malostranskaresidence.com\/en\/wp-json\/wp\/v2\/types\/page"}],"author":[{"embeddable":true,"href":"https:\/\/malostranskaresidence.com\/en\/wp-json\/wp\/v2\/users\/1"}],"replies":[{"embeddable":true,"href":"https:\/\/malostranskaresidence.com\/en\/wp-json\/wp\/v2\/comments?post=899"}],"version-history":[{"count":19,"href":"https:\/\/malostranskaresidence.com\/en\/wp-json\/wp\/v2\/pages\/899\/revisions"}],"predecessor-version":[{"id":1198,"href":"https:\/\/malostranskaresidence.com\/en\/wp-json\/wp\/v2\/pages\/899\/revisions\/1198"}],"wp:attachment":[{"href":"https:\/\/malostranskaresidence.com\/en\/wp-json\/wp\/v2\/media?parent=899"}],"curies":[{"name":"wp","href":"https:\/\/api.w.org\/{rel}","templated":true}]}}