{"id":904,"date":"2023-12-12T15:26:49","date_gmt":"2023-12-12T14:26:49","guid":{"rendered":"https:\/\/showcase6.better-hotel.com\/?page_id=904"},"modified":"2023-12-12T15:33:15","modified_gmt":"2023-12-12T14:33:15","slug":"gdpr","status":"publish","type":"page","link":"https:\/\/malostranskaresidence.com\/en\/gdpr\/","title":{"rendered":"GDPR"},"content":{"rendered":"<div data-elementor-type=\"wp-page\" data-elementor-id=\"904\" class=\"elementor elementor-904\" data-elementor-settings=\"[]\">\n\t\t\t\t\t\t<div class=\"elementor-inner\">\n\t\t\t\t\t\t\t<div class=\"elementor-section-wrap\">\n\t\t\t\t\t\t\t<section class=\"elementor-section elementor-top-section elementor-element elementor-element-1f70e43 elementor-section-boxed elementor-section-height-default elementor-section-height-default\" data-id=\"1f70e43\" data-element_type=\"section\">\n\t\t\t\t\t\t<div class=\"elementor-container elementor-column-gap-default\">\n\t\t\t\t\t\t\t<div class=\"elementor-row\">\n\t\t\t\t\t<div class=\"elementor-column elementor-col-100 elementor-top-column elementor-element elementor-element-4b0cf1a\" data-id=\"4b0cf1a\" data-element_type=\"column\">\n\t\t\t<div class=\"elementor-column-wrap elementor-element-populated\">\n\t\t\t\t\t\t\t<div class=\"elementor-widget-wrap\">\n\t\t\t\t\t\t<div class=\"elementor-element elementor-element-cd4c253 elementor-widget elementor-widget-heading\" data-id=\"cd4c253\" data-element_type=\"widget\" data-widget_type=\"heading.default\">\n\t\t\t\t<div class=\"elementor-widget-container\">\n\t\t\t<h2 class=\"elementor-heading-title elementor-size-default\">Privacy Policy<\/h2>\t\t<\/div>\n\t\t\t\t<\/div>\n\t\t\t\t\t\t<\/div>\n\t\t\t\t\t<\/div>\n\t\t<\/div>\n\t\t\t\t\t\t\t\t<\/div>\n\t\t\t\t\t<\/div>\n\t\t<\/section>\n\t\t\t\t<section class=\"elementor-section elementor-top-section elementor-element elementor-element-956cdfb elementor-section-boxed elementor-section-height-default elementor-section-height-default\" data-id=\"956cdfb\" data-element_type=\"section\">\n\t\t\t\t\t\t<div class=\"elementor-container elementor-column-gap-default\">\n\t\t\t\t\t\t\t<div class=\"elementor-row\">\n\t\t\t\t\t<div class=\"elementor-column elementor-col-100 elementor-top-column elementor-element elementor-element-f0a308a\" data-id=\"f0a308a\" data-element_type=\"column\">\n\t\t\t<div class=\"elementor-column-wrap elementor-element-populated\">\n\t\t\t\t\t\t\t<div class=\"elementor-widget-wrap\">\n\t\t\t\t\t\t<div class=\"elementor-element elementor-element-be1785b elementor-widget elementor-widget-text-editor\" data-id=\"be1785b\" data-element_type=\"widget\" data-widget_type=\"text-editor.default\">\n\t\t\t\t<div class=\"elementor-widget-container\">\n\t\t\t\t\t<div class=\"elementor-text-editor elementor-clearfix\"><p><strong>I. Basic Provisions<\/strong><\/p><p><span style=\"font-weight: 400;\">The controller of personal data pursuant to Article 4(7) of Regulation (EU) 2016\/679 of the European Parliament and of the Council on the protection of natural persons with regard to the processing of personal data and on the free movement of such data (hereinafter: \"GDPR\") is Proche Apartments s.r.o., registration number 10966170 (hereinafter: \"Controller\").<\/span><\/p><p><span style=\"font-weight: 400;\">The administrator's contact details are<\/span><\/p><p><span style=\"font-weight: 400;\">Address: Malostransk\u00e9 n\u00e1m\u011bst\u00ed 38\/24, Prague 1, 118 00<\/span><\/p><p><span style=\"font-weight: 400;\">Personal data means any information about an identified or identifiable natural person; an identifiable natural person is a natural person who can be identified, directly or indirectly, in particular by reference to an identifier such as a name, an identification number, location data, a network identifier or to one or more specific elements of the physical, physiological, genetic, mental, economic, cultural or social identity of that natural person. <\/span><span style=\"font-weight: 400;\">The controller has not appointed a data protection officer.\u00a0<\/span><\/p><p><span style=\"font-weight: 400;\">\u00a0<\/span><\/p><p><strong>II. Sources and categories of personal data processed<\/strong><\/p><p><span style=\"font-weight: 400;\">The controller processes personal data that you have provided to the controller or personal data that the controller has obtained on the basis of the fulfilment of your order.<\/span><\/p><p><span style=\"font-weight: 400;\">The controller processes your identification and contact data and the data necessary for the performance of the contract.<\/span><\/p><p><span style=\"font-weight: 400;\">\u00a0<\/span><\/p><p><strong>III. Lawful basis and purpose of the processing of personal data<\/strong><\/p><p><span style=\"font-weight: 400;\">The lawful reason for processing personal data is <\/span><span style=\"font-weight: 400;\">the performance of the contract between you and the controller pursuant to Article 6(1)(b) GDPR, <\/span><span style=\"font-weight: 400;\">the controller's legitimate interest in providing direct marketing (in particular for sending commercial communications and newsletters) pursuant to Article 6(1)(f) GDPR, <\/span><span style=\"font-weight: 400;\">Your consent to processing for the purpose of providing direct marketing (in particular for sending commercial communications and newsletters) pursuant to Article 6(1)(a) GDPR in conjunction with Section 7(2) of Act No. 480\/2004 Coll., on certain information society services in the absence of an order for goods or services.<\/span><\/p><p><span style=\"font-weight: 400;\">The purpose of processing personal data is <\/span><span style=\"font-weight: 400;\">the processing of your order and the exercise of the rights and obligations arising from the contractual relationship between you and the controller; when placing an order, personal data are required that are necessary for the successful processing of the order (name and address, contact), the provision of personal data is a necessary requirement for the conclusion and performance of the contract, without the provision of personal data, it is not possible to conclude the contract or its performance by the controller, <\/span><span style=\"font-weight: 400;\">sending commercial communications and doing other marketing activities.<\/span><\/p><p><span style=\"font-weight: 400;\">The controller makes automatic individual decisions within the meaning of Article 22 GDPR. You have given your explicit consent to such processing.<\/span><\/p><p><span style=\"font-weight: 400;\">\u00a0<\/span><\/p><p><strong>IV. Data retention period<\/strong><\/p><p><span style=\"font-weight: 400;\">The controller keeps personal data <\/span><span style=\"font-weight: 400;\">for the period necessary to exercise the rights and obligations arising from the contractual relationship between you and the controller and to assert claims arising from this contractual relationship (for a period of 15 years from the termination of the contractual relationship). <\/span><span style=\"font-weight: 400;\">until the consent to the processing of personal data for marketing purposes is withdrawn, for a maximum of 10 years if the personal data is processed on the basis of consent.<\/span><\/p><p><span style=\"font-weight: 400;\">After the expiry of the retention period, the controller shall delete the personal data.<\/span><\/p><p><span style=\"font-weight: 400;\">\u00a0<\/span><\/p><p><strong>V. Recipients of personal data (subcontractors of the controller)<\/strong><\/p><p><span style=\"font-weight: 400;\">Recipients of personal data are persons <\/span><span style=\"font-weight: 400;\">involved in the delivery of goods\/services\/making payments under the contract <\/span><span style=\"font-weight: 400;\">involved in the operation of the services, <\/span><span style=\"font-weight: 400;\">involved in the operation of the services,<\/span><\/p><p><span style=\"font-weight: 400;\">The controller does not intend to transfer personal data to a third country (non-EU country) or an international organisation. The recipients of personal data in third countries are mailing service providers \/ cloud service providers.<\/span><\/p><p><span style=\"font-weight: 400;\">\u00a0<\/span><\/p><p><strong>VI. Your rights<\/strong><\/p><p><span style=\"font-weight: 400;\">Under the terms of the GDPR, you have <\/span><span style=\"font-weight: 400;\">the right of access to your personal data under Article 15 GDPR, <\/span><span style=\"font-weight: 400;\">the right to rectification of personal data pursuant to Article 16 GDPR or restriction of processing pursuant to Article 18 GDPR. <\/span><span style=\"font-weight: 400;\">the right to erasure of personal data pursuant to Article 17 GDPR. <\/span><span style=\"font-weight: 400;\">the right to object to processing under Article 21 of the GDPR; and <\/span><span style=\"font-weight: 400;\">the right to data portability under Article 20 GDPR.<\/span><\/p><\/div>\n\t\t\t\t<\/div>\n\t\t\t\t<\/div>\n\t\t\t\t\t\t<\/div>\n\t\t\t\t\t<\/div>\n\t\t<\/div>\n\t\t\t\t\t\t\t\t<\/div>\n\t\t\t\t\t<\/div>\n\t\t<\/section>\n\t\t\t\t\t\t<\/div>\n\t\t\t\t\t\t<\/div>\n\t\t\t\t\t<\/div>","protected":false},"excerpt":{"rendered":"<p>Z\u00e1sady ochrany osobn\u00edch \u00fadaj\u016f I. Z\u00e1kladn\u00ed ustanoven\u00ed Spr\u00e1vcem osobn\u00edch \u00fadaj\u016f podle \u010dl. 4 bod 7 na\u0159\u00edzen\u00ed Evropsk\u00e9ho parlamentu a Rady (EU) 2016\/679 o ochran\u011b fyzick\u00fdch osob v souvislosti se zpracov\u00e1n\u00edm osobn\u00edch \u00fadaj\u016f a o voln\u00e9m pohybu t\u011bchto \u00fadaj\u016f (d\u00e1le jen: \u201eGDPR\u201d) je Proche Apartments s.r.o. I\u010c 10966170 (d\u00e1le jen: \u201espr\u00e1vce\u201c). Kontaktn\u00ed \u00fadaje spr\u00e1vce jsou adresa: [&hellip;]<\/p>","protected":false},"author":1,"featured_media":0,"parent":0,"menu_order":0,"comment_status":"closed","ping_status":"closed","template":"","meta":{"footnotes":""},"aioseo_notices":[],"_links":{"self":[{"href":"https:\/\/malostranskaresidence.com\/en\/wp-json\/wp\/v2\/pages\/904"}],"collection":[{"href":"https:\/\/malostranskaresidence.com\/en\/wp-json\/wp\/v2\/pages"}],"about":[{"href":"https:\/\/malostranskaresidence.com\/en\/wp-json\/wp\/v2\/types\/page"}],"author":[{"embeddable":true,"href":"https:\/\/malostranskaresidence.com\/en\/wp-json\/wp\/v2\/users\/1"}],"replies":[{"embeddable":true,"href":"https:\/\/malostranskaresidence.com\/en\/wp-json\/wp\/v2\/comments?post=904"}],"version-history":[{"count":12,"href":"https:\/\/malostranskaresidence.com\/en\/wp-json\/wp\/v2\/pages\/904\/revisions"}],"predecessor-version":[{"id":916,"href":"https:\/\/malostranskaresidence.com\/en\/wp-json\/wp\/v2\/pages\/904\/revisions\/916"}],"wp:attachment":[{"href":"https:\/\/malostranskaresidence.com\/en\/wp-json\/wp\/v2\/media?parent=904"}],"curies":[{"name":"wp","href":"https:\/\/api.w.org\/{rel}","templated":true}]}}