{"id":918,"date":"2023-12-12T15:34:12","date_gmt":"2023-12-12T14:34:12","guid":{"rendered":"https:\/\/showcase6.better-hotel.com\/?page_id=918"},"modified":"2023-12-12T15:36:33","modified_gmt":"2023-12-12T14:36:33","slug":"ubytovaci-rad","status":"publish","type":"page","link":"https:\/\/malostranskaresidence.com\/en\/ubytovaci-rad\/","title":{"rendered":"Accommodation rules"},"content":{"rendered":"<div data-elementor-type=\"wp-page\" data-elementor-id=\"918\" class=\"elementor elementor-918\" data-elementor-settings=\"[]\">\n\t\t\t\t\t\t<div class=\"elementor-inner\">\n\t\t\t\t\t\t\t<div class=\"elementor-section-wrap\">\n\t\t\t\t\t\t\t<section class=\"elementor-section elementor-top-section elementor-element elementor-element-f405de5 elementor-section-boxed elementor-section-height-default elementor-section-height-default\" data-id=\"f405de5\" data-element_type=\"section\">\n\t\t\t\t\t\t<div class=\"elementor-container elementor-column-gap-default\">\n\t\t\t\t\t\t\t<div class=\"elementor-row\">\n\t\t\t\t\t<div class=\"elementor-column elementor-col-100 elementor-top-column elementor-element elementor-element-6b8516c\" data-id=\"6b8516c\" data-element_type=\"column\">\n\t\t\t<div class=\"elementor-column-wrap elementor-element-populated\">\n\t\t\t\t\t\t\t<div class=\"elementor-widget-wrap\">\n\t\t\t\t\t\t<div class=\"elementor-element elementor-element-3d70134 elementor-widget elementor-widget-heading\" data-id=\"3d70134\" data-element_type=\"widget\" data-widget_type=\"heading.default\">\n\t\t\t\t<div class=\"elementor-widget-container\">\n\t\t\t<h2 class=\"elementor-heading-title elementor-size-default\">Accommodation rules<\/h2>\t\t<\/div>\n\t\t\t\t<\/div>\n\t\t\t\t\t\t<\/div>\n\t\t\t\t\t<\/div>\n\t\t<\/div>\n\t\t\t\t\t\t\t\t<\/div>\n\t\t\t\t\t<\/div>\n\t\t<\/section>\n\t\t\t\t<section class=\"elementor-section elementor-top-section elementor-element elementor-element-5e98321 elementor-section-boxed elementor-section-height-default elementor-section-height-default\" data-id=\"5e98321\" data-element_type=\"section\">\n\t\t\t\t\t\t<div class=\"elementor-container elementor-column-gap-default\">\n\t\t\t\t\t\t\t<div class=\"elementor-row\">\n\t\t\t\t\t<div class=\"elementor-column elementor-col-100 elementor-top-column elementor-element elementor-element-baca33b\" data-id=\"baca33b\" data-element_type=\"column\">\n\t\t\t<div class=\"elementor-column-wrap elementor-element-populated\">\n\t\t\t\t\t\t\t<div class=\"elementor-widget-wrap\">\n\t\t\t\t\t\t<div class=\"elementor-element elementor-element-58dee37 elementor-widget elementor-widget-text-editor\" data-id=\"58dee37\" data-element_type=\"widget\" data-widget_type=\"text-editor.default\">\n\t\t\t\t<div class=\"elementor-widget-container\">\n\t\t\t\t\t<div class=\"elementor-text-editor elementor-clearfix\"><ol><li><span style=\"font-weight: 400;\">The tenant and operator Proche Apartments s.r.o., provides subleases including agreed services in this residential building for an agreed period of time.<\/span><\/li><li><span style=\"font-weight: 400;\">Before starting the accommodation, the client is obliged to fill in and sign the registration form and get acquainted with the accommodation rules.<\/span><\/li><li><span style=\"font-weight: 400;\">The apartments are available for move-in from 2:00 A.M., on the day of the end of the stay the client is obliged to vacate the apartment by 11:00 A.M<\/span><\/li><li><span style=\"font-weight: 400;\">Extensions must be arranged in advance and are subject to additional charges.<\/span><\/li><li><span style=\"font-weight: 400;\">The subtenant is obliged to pay the agreed rent upon presentation of the bill unless otherwise agreed.<\/span><\/li><li><span style=\"font-weight: 400;\">Proche Apartments s.r.o. is not responsible for money and valuables stored freely in the apartments.<\/span><\/li><li><span style=\"font-weight: 400;\">It is not allowed to move any equipment or interfere with the electrical network at will in the apartments.<\/span><\/li><li><span style=\"font-weight: 400;\">For safety reasons, only electrical appliances that are for personal use may be used in the apartments.<\/span><\/li><li><span style=\"font-weight: 400;\">For safety reasons, it is not allowed to leave children under 10 years old without adult supervision in the apartment and other common areas of the Malostransk\u00e1 Residence.<\/span><\/li><li><span style=\"font-weight: 400;\"> Dogs and other animals can only be accommodated by arrangement for a specified fee and provided they do not disturb other guests.<\/span><\/li><li><span style=\"font-weight: 400;\"> In the event of illness or injury to the tenant, medical assistance or transport to hospital will be provided. The subtenant is responsible for the costs associated with this.<\/span><\/li><li><span style=\"font-weight: 400;\"> During the period from 22.00 to 08.00, subtenants are obliged to observe night-time quiet.<\/span><\/li><li><span style=\"font-weight: 400;\"> The subtenant is liable for damages caused in the rented apartment or elsewhere in the Malostransk\u00e1 Residencia in accordance with applicable law.<\/span><\/li><li><span style=\"font-weight: 400;\"> The subtenant is obliged to comply with the provisions of these Accommodation Regulations, otherwise Proche Apartments s.r.o. is entitled to cancel the sublease agreement at any time.<\/span><\/li><li><span style=\"font-weight: 400;\"> Guests visiting or staying overnight must show identification. In this case, Proche Apartments s.r.o. is entitled to charge the Guest additional costs associated with the stay. Proche Apartments s.r.o. reserves the right to deny the above Persons access to the accommodation or to stay overnight in any case without justification.<\/span><\/li><li><span style=\"font-weight: 400;\">Smoking and the use of e-cigarettes, candles, scented sticks and essential oils are prohibited. These activities will be considered smoking, and the Guest will be fined and may be evicted without refund. If a member of the Proche Apartments s.r.o. team catches a Guest smoking in the building (outside designated areas - balcony, courtyard) or finds evidence of smoking, a fee of EUR 200 will be charged immediately.<\/span><\/li><li><span style=\"font-weight: 400;\"> Guests must make the rented apartment available to the operator in case of need or necessary repairs.<\/span><\/li><li><span style=\"font-weight: 400;\"> There is a Wish and Complaint Book in the house<\/span><\/li><\/ol><\/div>\n\t\t\t\t<\/div>\n\t\t\t\t<\/div>\n\t\t\t\t\t\t<\/div>\n\t\t\t\t\t<\/div>\n\t\t<\/div>\n\t\t\t\t\t\t\t\t<\/div>\n\t\t\t\t\t<\/div>\n\t\t<\/section>\n\t\t\t\t\t\t<\/div>\n\t\t\t\t\t\t<\/div>\n\t\t\t\t\t<\/div>","protected":false},"excerpt":{"rendered":"<p>UBYTOVAC\u00cd \u0158\u00c1D N\u00e1jemce a provozovatel Proche Apartments s.r.o., zaji\u0161\u0165uje podn\u00e1jmy v\u010detn\u011b dohodnut\u00fdch slu\u017eeb v tomto reziden\u010dn\u00edm dom\u011b na sjednanou dobu. P\u0159ed zah\u00e1jen\u00edm ubytov\u00e1n\u00ed je klient povinen vyplnit a podepsat registra\u010dn\u00ed formul\u00e1\u0159 a sezn\u00e1mit se s ubytovac\u00edm \u0159\u00e1dem. Apartm\u00e1ny jsou k dispozici k nast\u011bhov\u00e1n\u00ed od 14.00 hod., v den ukon\u010den\u00ed pobytu je klient povinen apartm\u00e1n uvolnit [&hellip;]<\/p>","protected":false},"author":1,"featured_media":0,"parent":0,"menu_order":0,"comment_status":"closed","ping_status":"closed","template":"","meta":{"footnotes":""},"aioseo_notices":[],"_links":{"self":[{"href":"https:\/\/malostranskaresidence.com\/en\/wp-json\/wp\/v2\/pages\/918"}],"collection":[{"href":"https:\/\/malostranskaresidence.com\/en\/wp-json\/wp\/v2\/pages"}],"about":[{"href":"https:\/\/malostranskaresidence.com\/en\/wp-json\/wp\/v2\/types\/page"}],"author":[{"embeddable":true,"href":"https:\/\/malostranskaresidence.com\/en\/wp-json\/wp\/v2\/users\/1"}],"replies":[{"embeddable":true,"href":"https:\/\/malostranskaresidence.com\/en\/wp-json\/wp\/v2\/comments?post=918"}],"version-history":[{"count":4,"href":"https:\/\/malostranskaresidence.com\/en\/wp-json\/wp\/v2\/pages\/918\/revisions"}],"predecessor-version":[{"id":922,"href":"https:\/\/malostranskaresidence.com\/en\/wp-json\/wp\/v2\/pages\/918\/revisions\/922"}],"wp:attachment":[{"href":"https:\/\/malostranskaresidence.com\/en\/wp-json\/wp\/v2\/media?parent=918"}],"curies":[{"name":"wp","href":"https:\/\/api.w.org\/{rel}","templated":true}]}}